{"id":47,"date":"2018-10-22T14:59:58","date_gmt":"2018-10-22T14:59:58","guid":{"rendered":"http:\/\/flagrant.tommusdemos.wpengine.com\/?page_id=47"},"modified":"2022-06-16T14:56:11","modified_gmt":"2022-06-16T12:56:11","slug":"contact","status":"publish","type":"page","link":"https:\/\/www.annaklimo.fr\/index.php\/contact\/","title":{"rendered":"Contact"},"content":{"rendered":"\t\t<div data-elementor-type=\"wp-page\" data-elementor-id=\"47\" class=\"elementor elementor-47\">\n\t\t\t\t\t\t<div class=\"elementor-inner\">\n\t\t\t\t<div class=\"elementor-section-wrap\">\n\t\t\t\t\t\t\t\t\t<section class=\"elementor-section elementor-top-section elementor-element elementor-element-62e2e75 elementor-section-boxed elementor-section-height-default elementor-section-height-default\" data-id=\"62e2e75\" data-element_type=\"section\">\n\t\t\t\t\t\t<div class=\"elementor-container elementor-column-gap-default\">\n\t\t\t\t\t\t\t<div class=\"elementor-row\">\n\t\t\t\t\t<div class=\"elementor-column elementor-col-100 elementor-top-column elementor-element elementor-element-bf98c98\" data-id=\"bf98c98\" data-element_type=\"column\">\n\t\t\t<div class=\"elementor-column-wrap elementor-element-populated\">\n\t\t\t\t\t\t\t<div class=\"elementor-widget-wrap\">\n\t\t\t\t\t\t<div class=\"elementor-element elementor-element-103fa72 elementor-widget elementor-widget-image\" data-id=\"103fa72\" data-element_type=\"widget\" data-widget_type=\"image.default\">\n\t\t\t\t<div class=\"elementor-widget-container\">\n\t\t\t\t\t\t\t\t<div class=\"elementor-image\">\n\t\t\t\t\t\t\t\t\t\t\t\t<img width=\"1831\" height=\"958\" src=\"https:\/\/www.annaklimo.fr\/wp-content\/uploads\/2020\/04\/photo-contact.jpg\" class=\"attachment-full size-full\" alt=\"\" loading=\"lazy\" srcset=\"https:\/\/www.annaklimo.fr\/wp-content\/uploads\/2020\/04\/photo-contact.jpg 1831w, https:\/\/www.annaklimo.fr\/wp-content\/uploads\/2020\/04\/photo-contact-300x157.jpg 300w, https:\/\/www.annaklimo.fr\/wp-content\/uploads\/2020\/04\/photo-contact-1024x536.jpg 1024w, https:\/\/www.annaklimo.fr\/wp-content\/uploads\/2020\/04\/photo-contact-768x402.jpg 768w, https:\/\/www.annaklimo.fr\/wp-content\/uploads\/2020\/04\/photo-contact-1536x804.jpg 1536w\" sizes=\"(max-width: 1831px) 100vw, 1831px\" \/>\t\t\t\t\t\t\t\t\t\t\t\t\t\t<\/div>\n\t\t\t\t\t\t<\/div>\n\t\t\t\t<\/div>\n\t\t\t\t<div class=\"elementor-element elementor-element-492d1f2 elementor-hidden-tablet elementor-hidden-phone elementor-widget elementor-widget-spacer\" data-id=\"492d1f2\" data-element_type=\"widget\" data-widget_type=\"spacer.default\">\n\t\t\t\t<div class=\"elementor-widget-container\">\n\t\t\t\t\t<div class=\"elementor-spacer\">\n\t\t\t<div class=\"elementor-spacer-inner\"><\/div>\n\t\t<\/div>\n\t\t\t\t<\/div>\n\t\t\t\t<\/div>\n\t\t\t\t\t\t<\/div>\n\t\t\t\t\t<\/div>\n\t\t<\/div>\n\t\t\t\t\t\t\t\t<\/div>\n\t\t\t\t\t<\/div>\n\t\t<\/section>\n\t\t\t\t<section class=\"elementor-section elementor-top-section elementor-element elementor-element-03cd328 elementor-section-boxed elementor-section-height-default elementor-section-height-default\" data-id=\"03cd328\" data-element_type=\"section\">\n\t\t\t\t\t\t<div class=\"elementor-container elementor-column-gap-default\">\n\t\t\t\t\t\t\t<div class=\"elementor-row\">\n\t\t\t\t\t<div class=\"elementor-column elementor-col-66 elementor-top-column elementor-element elementor-element-6682d6c\" data-id=\"6682d6c\" data-element_type=\"column\">\n\t\t\t<div class=\"elementor-column-wrap elementor-element-populated\">\n\t\t\t\t\t\t\t<div class=\"elementor-widget-wrap\">\n\t\t\t\t\t\t<div class=\"elementor-element elementor-element-13a9e17 elementor-widget elementor-widget-text-editor\" data-id=\"13a9e17\" data-element_type=\"widget\" data-widget_type=\"text-editor.default\">\n\t\t\t\t<div class=\"elementor-widget-container\">\n\t\t\t\t\t\t\t\t<div class=\"elementor-text-editor elementor-clearfix\">\n\t\t\t\t<h1>Contact<\/h1><h4>Une id\u00e9e en t\u00eate ? N&rsquo;h\u00e9sitez pas \u00e0 \u00e9crire quelques lignes et je reviens vers vous au plus vite.\u00a0<\/h4><p>___<\/p><p>Have an idea in mind? Do not hesitate to write a few lines and I will get back to you as soon as possible.<\/p><div class=\"forminator-ui forminator-custom-form forminator-custom-form-283 forminator-design--flat  forminator_ajax\" data-forminator-render=\"0\" data-form=\"forminator-module-283\"><br\/><\/div><form\n\t\t\t\tid=\"forminator-module-283\"\n\t\t\t\tclass=\"forminator-ui forminator-custom-form forminator-custom-form-283 forminator-design--flat  forminator_ajax\"\n\t\t\t\tmethod=\"post\"\n\t\t\t\tdata-forminator-render=\"0\"\n\t\t\t\tdata-form-id=\"283\"\n\t\t\t\t\n\t\t\t\tdata-design=\"flat\"\n\t\t\t\t\n\t\t\t\t\n\t\t\t\t\n\t\t\t\tdata-grid=\"open\"\n\t\t\t\t\n\t\t\t\t\n\t\t\t\tstyle=\"display: none;\"\n\t\t\t><div class=\"forminator-response-message forminator-error\" aria-hidden=\"true\"><\/div><div class=\"forminator-row\"><div id=\"name-1\" class=\"forminator-col forminator-col-12 \"><div class=\"forminator-field\"><label for=\"forminator-field-name-1\" class=\"forminator-label\">Nom \/ Name <span class=\"forminator-required\">*<\/span><\/label><input type=\"text\" name=\"name-1\" value=\"\" placeholder=\"Par exemple\u00a0: Jean\" id=\"forminator-field-name-1\" class=\"forminator-input forminator-name--field\" aria-required=\"true\" \/><\/div><\/div><\/div><div class=\"forminator-row\"><div id=\"email-1\" class=\"forminator-col forminator-col-12 \"><div class=\"forminator-field\"><label for=\"forminator-field-email-1\" class=\"forminator-label\">E-mail <span class=\"forminator-required\">*<\/span><\/label><input type=\"email\" name=\"email-1\" value=\"\" placeholder=\"Par exemple\u00a0: jacques@martin.com\" id=\"forminator-field-email-1\" class=\"forminator-input forminator-email--field\" data-required=\"true\" aria-required=\"true\" \/><\/div><\/div><\/div><div class=\"forminator-row\"><div id=\"phone-1\" class=\"forminator-col forminator-col-12 \"><div class=\"forminator-field\"><label for=\"forminator-field-phone-1\" class=\"forminator-label\">T\u00e9l\u00e9phone \/ Number<\/label><input type=\"text\" name=\"phone-1\" value=\"\" placeholder=\"Par exemple\u00a0: +1 02 03 04 05\" id=\"forminator-field-phone-1\" class=\"forminator-input forminator-field--phone\" data-required=\"\" aria-required=\"false\" autocomplete=\"off\" \/><\/div><\/div><\/div><div class=\"forminator-row\"><div id=\"textarea-1\" class=\"forminator-col forminator-col-12 \"><div class=\"forminator-field\"><label for=\"forminator-field-textarea-1\" class=\"forminator-label\">Message<\/label><textarea name=\"textarea-1\" placeholder=\"Saisissez votre message\u2026\" id=\"forminator-field-textarea-1\" class=\"forminator-textarea\" rows=\"6\" style=\"min-height:140px;\" maxlength=\"180\" ><\/textarea><span class=\"forminator-description\"><span data-limit=\"180\" data-type=\"characters\">0 \/ 180<\/span><\/span><\/div><\/div><\/div><input type=\"hidden\" name=\"referer_url\" value=\"\" \/><div class=\"forminator-row forminator-row-last\"><div class=\"forminator-col\"><div class=\"forminator-field\"><button class=\"forminator-button forminator-button-submit\">Envoyer \/ Send<\/button><\/div><\/div><\/div><input type=\"hidden\" id=\"forminator_nonce\" name=\"forminator_nonce\" value=\"177508195b\" \/><input type=\"hidden\" name=\"_wp_http_referer\" value=\"\/index.php\/wp-json\/wp\/v2\/pages\/47\" \/><input type=\"hidden\" name=\"form_id\" value=\"283\"><input type=\"hidden\" name=\"page_id\" value=\"47\"><input type=\"hidden\" name=\"form_type\" value=\"default\"><input type=\"hidden\" name=\"current_url\" value=\"https:\/\/www.annaklimo.fr\/wp-json\/wp\/v2\/pages\/47\/\"><input type=\"hidden\" name=\"render_id\" value=\"0\"><input type=\"hidden\" name=\"action\" value=\"forminator_submit_form_custom-forms\"><label for=\"input_5\" class=\"forminator-hidden\" aria-hidden=\"true\">Veuillez ne pas remplir ce champ. <input id=\"input_5\" type=\"text\" name=\"input_5\" value=\"\" autocomplete=\"off\"><\/label><\/form>\t\t\t\t\t<\/div>\n\t\t\t\t\t\t<\/div>\n\t\t\t\t<\/div>\n\t\t\t\t\t\t<\/div>\n\t\t\t\t\t<\/div>\n\t\t<\/div>\n\t\t\t\t<div class=\"elementor-column elementor-col-33 elementor-top-column elementor-element elementor-element-2a71c03\" data-id=\"2a71c03\" data-element_type=\"column\">\n\t\t\t<div class=\"elementor-column-wrap\">\n\t\t\t\t\t\t\t<div class=\"elementor-widget-wrap\">\n\t\t\t\t\t\t\t\t<\/div>\n\t\t\t\t\t<\/div>\n\t\t<\/div>\n\t\t\t\t\t\t\t\t<\/div>\n\t\t\t\t\t<\/div>\n\t\t<\/section>\n\t\t\t\t\t\t\t\t\t<\/div>\n\t\t\t<\/div>\n\t\t\t\t\t<\/div>\n\t\t<div class=\"clearfix\"><\/div>","protected":false},"excerpt":{"rendered":"<p>Contact Une id\u00e9e en t\u00eate ? N&rsquo;h\u00e9sitez pas \u00e0 \u00e9crire quelques lignes et je reviens vers vous au plus vite.\u00a0 ___ Have an idea in mind? Do not hesitate to write a few lines and I will get back to you as soon as possible.<\/p>\n","protected":false},"author":1,"featured_media":0,"parent":0,"menu_order":0,"comment_status":"closed","ping_status":"closed","template":"page_page-builder.php","meta":[],"yoast_head":"<!-- This site is optimized with the Yoast SEO plugin v19.1 - https:\/\/yoast.com\/wordpress\/plugins\/seo\/ -->\n<title>Contact - Anna Klimo<\/title>\n<meta name=\"robots\" content=\"index, follow, max-snippet:-1, max-image-preview:large, max-video-preview:-1\" \/>\n<link rel=\"canonical\" href=\"https:\/\/www.annaklimo.fr\/index.php\/contact\/\" \/>\n<meta property=\"og:locale\" content=\"fr_FR\" \/>\n<meta property=\"og:type\" content=\"article\" \/>\n<meta property=\"og:title\" content=\"Contact - Anna Klimo\" \/>\n<meta property=\"og:description\" content=\"Contact Une id\u00e9e en t\u00eate ? N&rsquo;h\u00e9sitez pas \u00e0 \u00e9crire quelques lignes et je reviens vers vous au plus vite.\u00a0 ___ Have an idea in mind? Do not hesitate to write a few lines and I will get back to you as soon as possible.\" \/>\n<meta property=\"og:url\" content=\"https:\/\/www.annaklimo.fr\/index.php\/contact\/\" \/>\n<meta property=\"og:site_name\" content=\"Anna Klimo\" \/>\n<meta property=\"article:modified_time\" content=\"2022-06-16T12:56:11+00:00\" \/>\n<meta property=\"og:image\" content=\"https:\/\/www.annaklimo.fr\/wp-content\/uploads\/2020\/04\/photo-contact.jpg\" \/>\n<meta name=\"twitter:card\" content=\"summary_large_image\" \/>\n<meta name=\"twitter:label1\" content=\"Dur\u00e9e de lecture estim\u00e9e\" \/>\n\t<meta name=\"twitter:data1\" content=\"1 minute\" \/>\n<script type=\"application\/ld+json\" class=\"yoast-schema-graph\">{\"@context\":\"https:\/\/schema.org\",\"@graph\":[{\"@type\":\"WebSite\",\"@id\":\"https:\/\/www.annaklimo.fr\/#website\",\"url\":\"https:\/\/www.annaklimo.fr\/\",\"name\":\"Anna Klimo\",\"description\":\"\",\"potentialAction\":[{\"@type\":\"SearchAction\",\"target\":{\"@type\":\"EntryPoint\",\"urlTemplate\":\"https:\/\/www.annaklimo.fr\/?s={search_term_string}\"},\"query-input\":\"required name=search_term_string\"}],\"inLanguage\":\"fr-FR\"},{\"@type\":\"ImageObject\",\"inLanguage\":\"fr-FR\",\"@id\":\"https:\/\/www.annaklimo.fr\/index.php\/contact\/#primaryimage\",\"url\":\"https:\/\/www.annaklimo.fr\/wp-content\/uploads\/2020\/04\/photo-contact.jpg\",\"contentUrl\":\"https:\/\/www.annaklimo.fr\/wp-content\/uploads\/2020\/04\/photo-contact.jpg\",\"width\":1831,\"height\":958},{\"@type\":\"WebPage\",\"@id\":\"https:\/\/www.annaklimo.fr\/index.php\/contact\/#webpage\",\"url\":\"https:\/\/www.annaklimo.fr\/index.php\/contact\/\",\"name\":\"Contact - Anna Klimo\",\"isPartOf\":{\"@id\":\"https:\/\/www.annaklimo.fr\/#website\"},\"primaryImageOfPage\":{\"@id\":\"https:\/\/www.annaklimo.fr\/index.php\/contact\/#primaryimage\"},\"datePublished\":\"2018-10-22T14:59:58+00:00\",\"dateModified\":\"2022-06-16T12:56:11+00:00\",\"breadcrumb\":{\"@id\":\"https:\/\/www.annaklimo.fr\/index.php\/contact\/#breadcrumb\"},\"inLanguage\":\"fr-FR\",\"potentialAction\":[{\"@type\":\"ReadAction\",\"target\":[\"https:\/\/www.annaklimo.fr\/index.php\/contact\/\"]}]},{\"@type\":\"BreadcrumbList\",\"@id\":\"https:\/\/www.annaklimo.fr\/index.php\/contact\/#breadcrumb\",\"itemListElement\":[{\"@type\":\"ListItem\",\"position\":1,\"name\":\"Accueil\",\"item\":\"https:\/\/www.annaklimo.fr\/\"},{\"@type\":\"ListItem\",\"position\":2,\"name\":\"Contact\"}]}]}<\/script>\n<!-- \/ Yoast SEO plugin. -->","yoast_head_json":{"title":"Contact - Anna Klimo","robots":{"index":"index","follow":"follow","max-snippet":"max-snippet:-1","max-image-preview":"max-image-preview:large","max-video-preview":"max-video-preview:-1"},"canonical":"https:\/\/www.annaklimo.fr\/index.php\/contact\/","og_locale":"fr_FR","og_type":"article","og_title":"Contact - Anna Klimo","og_description":"Contact Une id\u00e9e en t\u00eate ? N&rsquo;h\u00e9sitez pas \u00e0 \u00e9crire quelques lignes et je reviens vers vous au plus vite.\u00a0 ___ Have an idea in mind? Do not hesitate to write a few lines and I will get back to you as soon as possible.","og_url":"https:\/\/www.annaklimo.fr\/index.php\/contact\/","og_site_name":"Anna Klimo","article_modified_time":"2022-06-16T12:56:11+00:00","og_image":[{"url":"https:\/\/www.annaklimo.fr\/wp-content\/uploads\/2020\/04\/photo-contact.jpg"}],"twitter_card":"summary_large_image","twitter_misc":{"Dur\u00e9e de lecture estim\u00e9e":"1 minute"},"schema":{"@context":"https:\/\/schema.org","@graph":[{"@type":"WebSite","@id":"https:\/\/www.annaklimo.fr\/#website","url":"https:\/\/www.annaklimo.fr\/","name":"Anna Klimo","description":"","potentialAction":[{"@type":"SearchAction","target":{"@type":"EntryPoint","urlTemplate":"https:\/\/www.annaklimo.fr\/?s={search_term_string}"},"query-input":"required name=search_term_string"}],"inLanguage":"fr-FR"},{"@type":"ImageObject","inLanguage":"fr-FR","@id":"https:\/\/www.annaklimo.fr\/index.php\/contact\/#primaryimage","url":"https:\/\/www.annaklimo.fr\/wp-content\/uploads\/2020\/04\/photo-contact.jpg","contentUrl":"https:\/\/www.annaklimo.fr\/wp-content\/uploads\/2020\/04\/photo-contact.jpg","width":1831,"height":958},{"@type":"WebPage","@id":"https:\/\/www.annaklimo.fr\/index.php\/contact\/#webpage","url":"https:\/\/www.annaklimo.fr\/index.php\/contact\/","name":"Contact - Anna Klimo","isPartOf":{"@id":"https:\/\/www.annaklimo.fr\/#website"},"primaryImageOfPage":{"@id":"https:\/\/www.annaklimo.fr\/index.php\/contact\/#primaryimage"},"datePublished":"2018-10-22T14:59:58+00:00","dateModified":"2022-06-16T12:56:11+00:00","breadcrumb":{"@id":"https:\/\/www.annaklimo.fr\/index.php\/contact\/#breadcrumb"},"inLanguage":"fr-FR","potentialAction":[{"@type":"ReadAction","target":["https:\/\/www.annaklimo.fr\/index.php\/contact\/"]}]},{"@type":"BreadcrumbList","@id":"https:\/\/www.annaklimo.fr\/index.php\/contact\/#breadcrumb","itemListElement":[{"@type":"ListItem","position":1,"name":"Accueil","item":"https:\/\/www.annaklimo.fr\/"},{"@type":"ListItem","position":2,"name":"Contact"}]}]}},"_links":{"self":[{"href":"https:\/\/www.annaklimo.fr\/index.php\/wp-json\/wp\/v2\/pages\/47"}],"collection":[{"href":"https:\/\/www.annaklimo.fr\/index.php\/wp-json\/wp\/v2\/pages"}],"about":[{"href":"https:\/\/www.annaklimo.fr\/index.php\/wp-json\/wp\/v2\/types\/page"}],"author":[{"embeddable":true,"href":"https:\/\/www.annaklimo.fr\/index.php\/wp-json\/wp\/v2\/users\/1"}],"replies":[{"embeddable":true,"href":"https:\/\/www.annaklimo.fr\/index.php\/wp-json\/wp\/v2\/comments?post=47"}],"version-history":[{"count":13,"href":"https:\/\/www.annaklimo.fr\/index.php\/wp-json\/wp\/v2\/pages\/47\/revisions"}],"predecessor-version":[{"id":286,"href":"https:\/\/www.annaklimo.fr\/index.php\/wp-json\/wp\/v2\/pages\/47\/revisions\/286"}],"wp:attachment":[{"href":"https:\/\/www.annaklimo.fr\/index.php\/wp-json\/wp\/v2\/media?parent=47"}],"curies":[{"name":"wp","href":"https:\/\/api.w.org\/{rel}","templated":true}]}}